{"id":1719,"date":"2023-01-13T23:02:29","date_gmt":"2023-01-13T23:02:29","guid":{"rendered":"https:\/\/barbarakaminska.com\/?page_id=1719"},"modified":"2023-01-13T23:14:48","modified_gmt":"2023-01-13T23:14:48","slug":"hiszpania-grecja","status":"publish","type":"page","link":"https:\/\/barbarakaminska.com\/?page_id=1719","title":{"rendered":"Hiszpania, Grecja"},"content":{"rendered":"\t\t<div data-elementor-type=\"wp-page\" data-elementor-id=\"1719\" class=\"elementor elementor-1719\">\n\t\t\t\t\t\t<section class=\"elementor-section elementor-top-section elementor-element elementor-element-1b0a5d33 elementor-section-boxed elementor-section-height-default elementor-section-height-default\" data-id=\"1b0a5d33\" data-element_type=\"section\" data-settings=\"{&quot;background_background&quot;:&quot;classic&quot;,&quot;animation&quot;:&quot;none&quot;,&quot;shape_divider_bottom&quot;:&quot;opacity-tilt&quot;}\">\n\t\t\t\t\t\t\t<div class=\"elementor-background-overlay\"><\/div>\n\t\t\t\t\t\t<div class=\"elementor-shape elementor-shape-bottom\" aria-hidden=\"true\" data-negative=\"false\">\n\t\t\t<svg xmlns=\"http:\/\/www.w3.org\/2000\/svg\" viewBox=\"0 0 2600 131.1\" preserveAspectRatio=\"none\">\n\t<path class=\"elementor-shape-fill\" d=\"M0 0L2600 0 2600 69.1 0 0z\"\/>\n\t<path class=\"elementor-shape-fill\" style=\"opacity:0.5\" d=\"M0 0L2600 0 2600 69.1 0 69.1z\"\/>\n\t<path class=\"elementor-shape-fill\" style=\"opacity:0.25\" d=\"M2600 0L0 0 0 130.1 2600 69.1z\"\/>\n<\/svg>\t\t<\/div>\n\t\t\t\t\t<div class=\"elementor-container elementor-column-gap-default\">\n\t\t\t\t\t<div class=\"elementor-column elementor-col-100 elementor-top-column elementor-element elementor-element-1f841ba\" data-id=\"1f841ba\" data-element_type=\"column\">\n\t\t\t<div class=\"elementor-widget-wrap elementor-element-populated\">\n\t\t\t\t\t\t<div class=\"elementor-element elementor-element-365ba0bd elementor-widget elementor-widget-heading\" data-id=\"365ba0bd\" data-element_type=\"widget\" data-widget_type=\"heading.default\">\n\t\t\t\t<div class=\"elementor-widget-container\">\n\t\t\t\t\t<h1 class=\"elementor-heading-title elementor-size-default\">Hiszpania, Grecja<\/h1>\t\t\t\t<\/div>\n\t\t\t\t<\/div>\n\t\t\t\t\t<\/div>\n\t\t<\/div>\n\t\t\t\t\t<\/div>\n\t\t<\/section>\n\t\t\t\t<section class=\"elementor-section elementor-top-section elementor-element elementor-element-b3d5cc4 elementor-section-boxed elementor-section-height-default elementor-section-height-default\" data-id=\"b3d5cc4\" data-element_type=\"section\">\n\t\t\t\t\t\t<div class=\"elementor-container elementor-column-gap-default\">\n\t\t\t\t\t<div class=\"elementor-column elementor-col-100 elementor-top-column elementor-element elementor-element-8bfc646\" data-id=\"8bfc646\" data-element_type=\"column\" data-settings=\"{&quot;background_background&quot;:&quot;gradient&quot;}\">\n\t\t\t<div class=\"elementor-widget-wrap elementor-element-populated\">\n\t\t\t\t\t\t<div class=\"elementor-element elementor-element-01fb7b8 gallery-spacing-custom elementor-widget elementor-widget-image-gallery\" data-id=\"01fb7b8\" data-element_type=\"widget\" data-widget_type=\"image-gallery.default\">\n\t\t\t\t<div class=\"elementor-widget-container\">\n\t\t\t\t\t\t\t<div class=\"elementor-image-gallery\">\n\t\t\t<div id='gallery-1' class='gallery galleryid-1719 gallery-columns-3 gallery-size-large'><figure class='gallery-item'>\n\t\t\t<div class='gallery-icon portrait'>\n\t\t\t\t<a data-elementor-open-lightbox=\"yes\" data-elementor-lightbox-slideshow=\"01fb7b8\" data-elementor-lightbox-title=\"Casa Batllo, Barcelona, Hiszpania\" data-e-action-hash=\"#elementor-action%3Aaction%3Dlightbox%26settings%3DeyJpZCI6NzY2LCJ1cmwiOiJodHRwczpcL1wvYmFyYmFyYWthbWluc2thLmNvbVwvd3AtY29udGVudFwvdXBsb2Fkc1wvMjAyMVwvMDJcL0RTQzE0NTByZXNpc2VkLmpwZyIsInNsaWRlc2hvdyI6IjAxZmI3YjgifQ%3D%3D\" href='https:\/\/barbarakaminska.com\/wp-content\/uploads\/2021\/02\/DSC1450resised.jpg'><img fetchpriority=\"high\" decoding=\"async\" width=\"683\" height=\"1024\" src=\"https:\/\/barbarakaminska.com\/wp-content\/uploads\/2021\/02\/DSC1450resised-683x1024.jpg\" class=\"attachment-large size-large\" alt=\"\" srcset=\"https:\/\/barbarakaminska.com\/wp-content\/uploads\/2021\/02\/DSC1450resised-683x1024.jpg 683w, https:\/\/barbarakaminska.com\/wp-content\/uploads\/2021\/02\/DSC1450resised-200x300.jpg 200w, https:\/\/barbarakaminska.com\/wp-content\/uploads\/2021\/02\/DSC1450resised-768x1152.jpg 768w, https:\/\/barbarakaminska.com\/wp-content\/uploads\/2021\/02\/DSC1450resised-1024x1536.jpg 1024w, https:\/\/barbarakaminska.com\/wp-content\/uploads\/2021\/02\/DSC1450resised.jpg 1280w\" sizes=\"(max-width: 683px) 100vw, 683px\" \/><\/a>\n\t\t\t<\/div><\/figure><figure class='gallery-item'>\n\t\t\t<div class='gallery-icon landscape'>\n\t\t\t\t<a data-elementor-open-lightbox=\"yes\" data-elementor-lightbox-slideshow=\"01fb7b8\" data-elementor-lightbox-title=\"Rodos, Grecja\" data-e-action-hash=\"#elementor-action%3Aaction%3Dlightbox%26settings%3DeyJpZCI6NzMxLCJ1cmwiOiJodHRwczpcL1wvYmFyYmFyYWthbWluc2thLmNvbVwvd3AtY29udGVudFwvdXBsb2Fkc1wvMjAyMVwvMDJcL0RTQzUyNjFhcmVzaXNlZC5qcGciLCJzbGlkZXNob3ciOiIwMWZiN2I4In0%3D\" href='https:\/\/barbarakaminska.com\/wp-content\/uploads\/2021\/02\/DSC5261aresised.jpg'><img decoding=\"async\" width=\"1024\" height=\"682\" src=\"https:\/\/barbarakaminska.com\/wp-content\/uploads\/2021\/02\/DSC5261aresised-1024x682.jpg\" class=\"attachment-large size-large\" alt=\"\" srcset=\"https:\/\/barbarakaminska.com\/wp-content\/uploads\/2021\/02\/DSC5261aresised-1024x682.jpg 1024w, https:\/\/barbarakaminska.com\/wp-content\/uploads\/2021\/02\/DSC5261aresised-300x200.jpg 300w, https:\/\/barbarakaminska.com\/wp-content\/uploads\/2021\/02\/DSC5261aresised-768x511.jpg 768w, https:\/\/barbarakaminska.com\/wp-content\/uploads\/2021\/02\/DSC5261aresised.jpg 1280w\" sizes=\"(max-width: 1024px) 100vw, 1024px\" \/><\/a>\n\t\t\t<\/div><\/figure><figure class='gallery-item'>\n\t\t\t<div class='gallery-icon landscape'>\n\t\t\t\t<a data-elementor-open-lightbox=\"yes\" data-elementor-lightbox-slideshow=\"01fb7b8\" data-elementor-lightbox-title=\"_DSC1583resised\" data-e-action-hash=\"#elementor-action%3Aaction%3Dlightbox%26settings%3DeyJpZCI6NzY3LCJ1cmwiOiJodHRwczpcL1wvYmFyYmFyYWthbWluc2thLmNvbVwvd3AtY29udGVudFwvdXBsb2Fkc1wvMjAyMVwvMDJcL0RTQzE1ODNyZXNpc2VkLmpwZyIsInNsaWRlc2hvdyI6IjAxZmI3YjgifQ%3D%3D\" href='https:\/\/barbarakaminska.com\/wp-content\/uploads\/2021\/02\/DSC1583resised.jpg'><img decoding=\"async\" width=\"1024\" height=\"708\" src=\"https:\/\/barbarakaminska.com\/wp-content\/uploads\/2021\/02\/DSC1583resised-1024x708.jpg\" class=\"attachment-large size-large\" alt=\"\" srcset=\"https:\/\/barbarakaminska.com\/wp-content\/uploads\/2021\/02\/DSC1583resised-1024x708.jpg 1024w, https:\/\/barbarakaminska.com\/wp-content\/uploads\/2021\/02\/DSC1583resised-300x207.jpg 300w, https:\/\/barbarakaminska.com\/wp-content\/uploads\/2021\/02\/DSC1583resised-768x531.jpg 768w, https:\/\/barbarakaminska.com\/wp-content\/uploads\/2021\/02\/DSC1583resised.jpg 1280w\" sizes=\"(max-width: 1024px) 100vw, 1024px\" \/><\/a>\n\t\t\t<\/div><\/figure>\n\t\t<\/div>\n\t\t<\/div>\n\t\t\t\t\t\t<\/div>\n\t\t\t\t<\/div>\n\t\t\t\t<div class=\"elementor-element elementor-element-ab565b3 elementor-widget elementor-widget-spacer\" data-id=\"ab565b3\" data-element_type=\"widget\" data-widget_type=\"spacer.default\">\n\t\t\t\t<div class=\"elementor-widget-container\">\n\t\t\t\t\t\t\t<div class=\"elementor-spacer\">\n\t\t\t<div class=\"elementor-spacer-inner\"><\/div>\n\t\t<\/div>\n\t\t\t\t\t\t<\/div>\n\t\t\t\t<\/div>\n\t\t\t\t\t<\/div>\n\t\t<\/div>\n\t\t\t\t\t<\/div>\n\t\t<\/section>\n\t\t\t\t<section class=\"elementor-section elementor-top-section elementor-element elementor-element-092feb4 elementor-section-boxed elementor-section-height-default elementor-section-height-default\" data-id=\"092feb4\" data-element_type=\"section\">\n\t\t\t\t\t\t<div class=\"elementor-container elementor-column-gap-default\">\n\t\t\t\t\t<div class=\"elementor-column elementor-col-100 elementor-top-column elementor-element elementor-element-f1db82f\" data-id=\"f1db82f\" data-element_type=\"column\">\n\t\t\t<div class=\"elementor-widget-wrap elementor-element-populated\">\n\t\t\t\t\t\t<div class=\"elementor-element elementor-element-55cff45 elementor-widget elementor-widget-text-editor\" data-id=\"55cff45\" data-element_type=\"widget\" data-widget_type=\"text-editor.default\">\n\t\t\t\t<div class=\"elementor-widget-container\">\n\t\t\t\t\t\t\t\t\t<p>reporta\u017ce<\/p>\t\t\t\t\t\t\t\t<\/div>\n\t\t\t\t<\/div>\n\t\t\t\t\t<\/div>\n\t\t<\/div>\n\t\t\t\t\t<\/div>\n\t\t<\/section>\n\t\t\t\t<section class=\"elementor-section elementor-top-section elementor-element elementor-element-c0f6636 elementor-section-boxed elementor-section-height-default elementor-section-height-default\" data-id=\"c0f6636\" data-element_type=\"section\">\n\t\t\t\t\t\t<div class=\"elementor-container elementor-column-gap-default\">\n\t\t\t\t\t<div class=\"elementor-column elementor-col-50 elementor-top-column elementor-element elementor-element-86b1e8e\" data-id=\"86b1e8e\" data-element_type=\"column\">\n\t\t\t<div class=\"elementor-widget-wrap elementor-element-populated\">\n\t\t\t\t\t\t<div class=\"elementor-element elementor-element-28ee059 elementor-widget elementor-widget-text-editor\" data-id=\"28ee059\" data-element_type=\"widget\" data-widget_type=\"text-editor.default\">\n\t\t\t\t<div class=\"elementor-widget-container\">\n\t\t\t\t\t\t\t\t\t<p>W moim rankingu rzeczy, kt\u00f3re chc\u0119 zobaczy\u0107 zanim umr\u0119 architektura Gaudiego zajmowa\u0142a miejsce w pierwszej dziesi\u0105tce. Zetkni\u0119cie z urealnion\u0105 wizj\u0105 wielkiego marzyciela, \u00a0jakim by\u0142 Antoni Gaudi poprzez zamkni\u0119cie jej w bry\u0142ach, fakturach i przestrzeni wzbudzi\u0142o m\u00f3j zachwyt i wznieci\u0142o pragnienie projekcji widzenia \u015bwiata przez w\u0142asny pryzmat wra\u017cliwo\u015bci.\u00a0<\/p><p>\u00a0<\/p>\t\t\t\t\t\t\t\t<\/div>\n\t\t\t\t<\/div>\n\t\t\t\t\t<\/div>\n\t\t<\/div>\n\t\t\t\t<div class=\"elementor-column elementor-col-50 elementor-top-column elementor-element elementor-element-8d05117\" data-id=\"8d05117\" data-element_type=\"column\">\n\t\t\t<div class=\"elementor-widget-wrap elementor-element-populated\">\n\t\t\t\t\t\t<div class=\"elementor-element elementor-element-798d7b5 elementor-widget elementor-widget-video\" data-id=\"798d7b5\" data-element_type=\"widget\" data-settings=\"{&quot;youtube_url&quot;:&quot;https:\\\/\\\/youtu.be\\\/7U5RkzepHfs&quot;,&quot;video_type&quot;:&quot;youtube&quot;,&quot;controls&quot;:&quot;yes&quot;}\" data-widget_type=\"video.default\">\n\t\t\t\t<div class=\"elementor-widget-container\">\n\t\t\t\t\t\t\t<div class=\"elementor-wrapper elementor-open-inline\">\n\t\t\t<div class=\"elementor-video\"><\/div>\t\t<\/div>\n\t\t\t\t\t\t<\/div>\n\t\t\t\t<\/div>\n\t\t\t\t\t<\/div>\n\t\t<\/div>\n\t\t\t\t\t<\/div>\n\t\t<\/section>\n\t\t\t\t<section class=\"elementor-section elementor-top-section elementor-element elementor-element-79cc757 elementor-section-boxed elementor-section-height-default elementor-section-height-default\" data-id=\"79cc757\" data-element_type=\"section\">\n\t\t\t\t\t\t<div class=\"elementor-container elementor-column-gap-default\">\n\t\t\t\t\t\t<\/div>\n\t\t<\/section>\n\t\t\t\t<\/div>\n\t\t","protected":false},"excerpt":{"rendered":"<p>Hiszpania, Grecja reporta\u017ce W moim rankingu rzeczy, kt\u00f3re chc\u0119 zobaczy\u0107 zanim umr\u0119 architektura Gaudiego zajmowa\u0142a miejsce w pierwszej dziesi\u0105tce. Zetkni\u0119cie z urealnion\u0105 wizj\u0105 wielkiego marzyciela, \u00a0jakim by\u0142 Antoni Gaudi poprzez zamkni\u0119cie jej w bry\u0142ach, fakturach i przestrzeni wzbudzi\u0142o m\u00f3j zachwyt i wznieci\u0142o pragnienie projekcji widzenia \u015bwiata przez w\u0142asny pryzmat wra\u017cliwo\u015bci.\u00a0 \u00a0 https:\/\/youtu.be\/7U5RkzepHfs<\/p>\n","protected":false},"author":1,"featured_media":0,"parent":0,"menu_order":0,"comment_status":"closed","ping_status":"closed","template":"elementor_header_footer","meta":{"site-sidebar-layout":"no-sidebar","site-content-layout":"page-builder","ast-site-content-layout":"default","site-content-style":"default","site-sidebar-style":"default","ast-global-header-display":"","ast-banner-title-visibility":"","ast-main-header-display":"","ast-hfb-above-header-display":"","ast-hfb-below-header-display":"","ast-hfb-mobile-header-display":"","site-post-title":"disabled","ast-breadcrumbs-content":"","ast-featured-img":"","footer-sml-layout":"","theme-transparent-header-meta":"enabled","adv-header-id-meta":"","stick-header-meta":"","header-above-stick-meta":"","header-main-stick-meta":"","header-below-stick-meta":"","astra-migrate-meta-layouts":"default","ast-page-background-enabled":"default","ast-page-background-meta":{"desktop":{"background-color":"","background-image":"","background-repeat":"repeat","background-position":"center center","background-size":"auto","background-attachment":"scroll","background-type":"","background-media":"","overlay-type":"","overlay-color":"","overlay-opacity":"","overlay-gradient":""},"tablet":{"background-color":"","background-image":"","background-repeat":"repeat","background-position":"center center","background-size":"auto","background-attachment":"scroll","background-type":"","background-media":"","overlay-type":"","overlay-color":"","overlay-opacity":"","overlay-gradient":""},"mobile":{"background-color":"","background-image":"","background-repeat":"repeat","background-position":"center center","background-size":"auto","background-attachment":"scroll","background-type":"","background-media":"","overlay-type":"","overlay-color":"","overlay-opacity":"","overlay-gradient":""}},"ast-content-background-meta":{"desktop":{"background-color":"var(--ast-global-color-5)","background-image":"","background-repeat":"repeat","background-position":"center center","background-size":"auto","background-attachment":"scroll","background-type":"","background-media":"","overlay-type":"","overlay-color":"","overlay-opacity":"","overlay-gradient":""},"tablet":{"background-color":"var(--ast-global-color-5)","background-image":"","background-repeat":"repeat","background-position":"center center","background-size":"auto","background-attachment":"scroll","background-type":"","background-media":"","overlay-type":"","overlay-color":"","overlay-opacity":"","overlay-gradient":""},"mobile":{"background-color":"var(--ast-global-color-5)","background-image":"","background-repeat":"repeat","background-position":"center center","background-size":"auto","background-attachment":"scroll","background-type":"","background-media":"","overlay-type":"","overlay-color":"","overlay-opacity":"","overlay-gradient":""}},"footnotes":""},"class_list":["post-1719","page","type-page","status-publish","hentry"],"_links":{"self":[{"href":"https:\/\/barbarakaminska.com\/index.php?rest_route=\/wp\/v2\/pages\/1719","targetHints":{"allow":["GET"]}}],"collection":[{"href":"https:\/\/barbarakaminska.com\/index.php?rest_route=\/wp\/v2\/pages"}],"about":[{"href":"https:\/\/barbarakaminska.com\/index.php?rest_route=\/wp\/v2\/types\/page"}],"author":[{"embeddable":true,"href":"https:\/\/barbarakaminska.com\/index.php?rest_route=\/wp\/v2\/users\/1"}],"replies":[{"embeddable":true,"href":"https:\/\/barbarakaminska.com\/index.php?rest_route=%2Fwp%2Fv2%2Fcomments&post=1719"}],"version-history":[{"count":7,"href":"https:\/\/barbarakaminska.com\/index.php?rest_route=\/wp\/v2\/pages\/1719\/revisions"}],"predecessor-version":[{"id":1734,"href":"https:\/\/barbarakaminska.com\/index.php?rest_route=\/wp\/v2\/pages\/1719\/revisions\/1734"}],"wp:attachment":[{"href":"https:\/\/barbarakaminska.com\/index.php?rest_route=%2Fwp%2Fv2%2Fmedia&parent=1719"}],"curies":[{"name":"wp","href":"https:\/\/api.w.org\/{rel}","templated":true}]}}