{"id":32,"date":"2020-04-13T11:18:50","date_gmt":"2020-04-13T11:18:50","guid":{"rendered":"http:\/\/barbarakaminska.com\/?page_id=32"},"modified":"2021-03-25T09:14:40","modified_gmt":"2021-03-25T09:14:40","slug":"services","status":"publish","type":"page","link":"https:\/\/barbarakaminska.com\/?page_id=32","title":{"rendered":"Galeria"},"content":{"rendered":"\t\t<div data-elementor-type=\"wp-page\" data-elementor-id=\"32\" class=\"elementor elementor-32\">\n\t\t\t\t\t\t<section class=\"elementor-section elementor-top-section elementor-element elementor-element-1b0a5d33 elementor-section-boxed elementor-section-height-default elementor-section-height-default\" data-id=\"1b0a5d33\" data-element_type=\"section\" data-settings=\"{&quot;background_background&quot;:&quot;classic&quot;,&quot;animation&quot;:&quot;none&quot;,&quot;shape_divider_bottom&quot;:&quot;opacity-tilt&quot;}\">\n\t\t\t\t\t\t\t<div class=\"elementor-background-overlay\"><\/div>\n\t\t\t\t\t\t<div class=\"elementor-shape elementor-shape-bottom\" aria-hidden=\"true\" data-negative=\"false\">\n\t\t\t<svg xmlns=\"http:\/\/www.w3.org\/2000\/svg\" viewBox=\"0 0 2600 131.1\" preserveAspectRatio=\"none\">\n\t<path class=\"elementor-shape-fill\" d=\"M0 0L2600 0 2600 69.1 0 0z\"\/>\n\t<path class=\"elementor-shape-fill\" style=\"opacity:0.5\" d=\"M0 0L2600 0 2600 69.1 0 69.1z\"\/>\n\t<path class=\"elementor-shape-fill\" style=\"opacity:0.25\" d=\"M2600 0L0 0 0 130.1 2600 69.1z\"\/>\n<\/svg>\t\t<\/div>\n\t\t\t\t\t<div class=\"elementor-container elementor-column-gap-default\">\n\t\t\t\t\t<div class=\"elementor-column elementor-col-100 elementor-top-column elementor-element elementor-element-1f841ba\" data-id=\"1f841ba\" data-element_type=\"column\">\n\t\t\t<div class=\"elementor-widget-wrap elementor-element-populated\">\n\t\t\t\t\t\t<div class=\"elementor-element elementor-element-365ba0bd elementor-widget elementor-widget-heading\" data-id=\"365ba0bd\" data-element_type=\"widget\" data-widget_type=\"heading.default\">\n\t\t\t\t<div class=\"elementor-widget-container\">\n\t\t\t\t\t<h1 class=\"elementor-heading-title elementor-size-default\">Galeria<\/h1>\t\t\t\t<\/div>\n\t\t\t\t<\/div>\n\t\t\t\t\t<\/div>\n\t\t<\/div>\n\t\t\t\t\t<\/div>\n\t\t<\/section>\n\t\t\t\t<section class=\"elementor-section elementor-top-section elementor-element elementor-element-4d2c9e9 elementor-reverse-mobile elementor-section-boxed elementor-section-height-default elementor-section-height-default\" data-id=\"4d2c9e9\" data-element_type=\"section\">\n\t\t\t\t\t\t<div class=\"elementor-container elementor-column-gap-no\">\n\t\t\t\t\t<div class=\"elementor-column elementor-col-50 elementor-top-column elementor-element elementor-element-1148300\" data-id=\"1148300\" data-element_type=\"column\">\n\t\t\t<div class=\"elementor-widget-wrap elementor-element-populated\">\n\t\t\t\t\t\t<div class=\"elementor-element elementor-element-5070b618 elementor-widget elementor-widget-heading\" data-id=\"5070b618\" data-element_type=\"widget\" data-widget_type=\"heading.default\">\n\t\t\t\t<div class=\"elementor-widget-container\">\n\t\t\t\t\t<h2 class=\"elementor-heading-title elementor-size-default\">Natura<\/h2>\t\t\t\t<\/div>\n\t\t\t\t<\/div>\n\t\t\t\t<div class=\"elementor-element elementor-element-62d352e2 elementor-widget elementor-widget-text-editor\" data-id=\"62d352e2\" data-element_type=\"widget\" data-widget_type=\"text-editor.default\">\n\t\t\t\t<div class=\"elementor-widget-container\">\n\t\t\t\t\t\t\t\t\t<p>PODR\u00d3\u017bE &#8211; tutaj znajdziesz fotografie miejsc nie tak odleg\u0142ych i bardzo mi bliskich. S\u0105 tu zdj\u0119cia z podr\u00f3\u017cy po Europie, ale te\u017c mojego rodzinnego 3miasta.&nbsp;<\/p>\t\t\t\t\t\t\t\t<\/div>\n\t\t\t\t<\/div>\n\t\t\t\t\t<\/div>\n\t\t<\/div>\n\t\t\t\t<div class=\"elementor-column elementor-col-50 elementor-top-column elementor-element elementor-element-7285665\" data-id=\"7285665\" data-element_type=\"column\">\n\t\t\t<div class=\"elementor-widget-wrap elementor-element-populated\">\n\t\t\t\t\t\t<div class=\"elementor-element elementor-element-508aa5f0 elementor-widget elementor-widget-image\" data-id=\"508aa5f0\" data-element_type=\"widget\" data-widget_type=\"image.default\">\n\t\t\t\t<div class=\"elementor-widget-container\">\n\t\t\t\t\t\t\t\t\t\t\t\t\t\t\t\t<a href=\"https:\/\/barbarakaminska.com\/?page_id=519\">\n\t\t\t\t\t\t\t<img fetchpriority=\"high\" decoding=\"async\" width=\"1024\" height=\"682\" src=\"https:\/\/barbarakaminska.com\/wp-content\/uploads\/2021\/02\/DSC5261aresised-1024x682.jpg\" class=\"elementor-animation-grow attachment-large size-large wp-image-731\" alt=\"\" srcset=\"https:\/\/barbarakaminska.com\/wp-content\/uploads\/2021\/02\/DSC5261aresised-1024x682.jpg 1024w, https:\/\/barbarakaminska.com\/wp-content\/uploads\/2021\/02\/DSC5261aresised-300x200.jpg 300w, https:\/\/barbarakaminska.com\/wp-content\/uploads\/2021\/02\/DSC5261aresised-768x511.jpg 768w, https:\/\/barbarakaminska.com\/wp-content\/uploads\/2021\/02\/DSC5261aresised.jpg 1280w\" sizes=\"(max-width: 1024px) 100vw, 1024px\" \/>\t\t\t\t\t\t\t\t<\/a>\n\t\t\t\t\t\t\t\t\t\t\t\t\t\t\t<\/div>\n\t\t\t\t<\/div>\n\t\t\t\t\t<\/div>\n\t\t<\/div>\n\t\t\t\t\t<\/div>\n\t\t<\/section>\n\t\t\t\t<section class=\"elementor-section elementor-top-section elementor-element elementor-element-9e09982 elementor-section-boxed elementor-section-height-default elementor-section-height-default\" data-id=\"9e09982\" data-element_type=\"section\">\n\t\t\t\t\t\t<div class=\"elementor-container elementor-column-gap-no\">\n\t\t\t\t\t<div class=\"elementor-column elementor-col-50 elementor-top-column elementor-element elementor-element-4b9de95\" data-id=\"4b9de95\" data-element_type=\"column\">\n\t\t\t<div class=\"elementor-widget-wrap elementor-element-populated\">\n\t\t\t\t\t\t<div class=\"elementor-element elementor-element-1fab74e0 elementor-widget elementor-widget-image\" data-id=\"1fab74e0\" data-element_type=\"widget\" data-widget_type=\"image.default\">\n\t\t\t\t<div class=\"elementor-widget-container\">\n\t\t\t\t\t\t\t\t\t\t\t\t\t\t\t\t<a href=\"https:\/\/barbarakaminska.com\/?page_id=511\">\n\t\t\t\t\t\t\t<img decoding=\"async\" width=\"1024\" height=\"682\" src=\"https:\/\/barbarakaminska.com\/wp-content\/uploads\/2021\/02\/DSC2586ab_resise-1-1024x682.jpg\" class=\"elementor-animation-grow attachment-large size-large wp-image-607\" alt=\"\" srcset=\"https:\/\/barbarakaminska.com\/wp-content\/uploads\/2021\/02\/DSC2586ab_resise-1-1024x682.jpg 1024w, https:\/\/barbarakaminska.com\/wp-content\/uploads\/2021\/02\/DSC2586ab_resise-1-300x200.jpg 300w, https:\/\/barbarakaminska.com\/wp-content\/uploads\/2021\/02\/DSC2586ab_resise-1-768x511.jpg 768w, https:\/\/barbarakaminska.com\/wp-content\/uploads\/2021\/02\/DSC2586ab_resise-1.jpg 1280w\" sizes=\"(max-width: 1024px) 100vw, 1024px\" \/>\t\t\t\t\t\t\t\t<\/a>\n\t\t\t\t\t\t\t\t\t\t\t\t\t\t\t<\/div>\n\t\t\t\t<\/div>\n\t\t\t\t\t<\/div>\n\t\t<\/div>\n\t\t\t\t<div class=\"elementor-column elementor-col-50 elementor-top-column elementor-element elementor-element-ddc17dc\" data-id=\"ddc17dc\" data-element_type=\"column\">\n\t\t\t<div class=\"elementor-widget-wrap elementor-element-populated\">\n\t\t\t\t\t\t<div class=\"elementor-element elementor-element-3437ae6 elementor-widget elementor-widget-text-editor\" data-id=\"3437ae6\" data-element_type=\"widget\" data-widget_type=\"text-editor.default\">\n\t\t\t\t<div class=\"elementor-widget-container\">\n\t\t\t\t\t\t\t\t\t<p>\u00a0<\/p><p>PORTRET &#8211; fotografuje przyjaci\u00f3\u0142 , rodzin\u0119 i ludzi mi bliskich. Sesja jest dla nas przygod\u0105, dzi\u0119ki kt\u00f3rej lepiej si\u0119 poznajemy i sp\u0119dzamy mi\u0142e chwile.\u00a0<\/p>\t\t\t\t\t\t\t\t<\/div>\n\t\t\t\t<\/div>\n\t\t\t\t\t<\/div>\n\t\t<\/div>\n\t\t\t\t\t<\/div>\n\t\t<\/section>\n\t\t\t\t<section class=\"elementor-section elementor-top-section elementor-element elementor-element-6027d0f elementor-reverse-mobile elementor-section-boxed elementor-section-height-default elementor-section-height-default\" data-id=\"6027d0f\" data-element_type=\"section\">\n\t\t\t\t\t\t<div class=\"elementor-container elementor-column-gap-no\">\n\t\t\t\t\t<div class=\"elementor-column elementor-col-50 elementor-top-column elementor-element elementor-element-355c572\" data-id=\"355c572\" data-element_type=\"column\">\n\t\t\t<div class=\"elementor-widget-wrap elementor-element-populated\">\n\t\t\t\t\t\t<div class=\"elementor-element elementor-element-18b84a0 elementor-widget elementor-widget-text-editor\" data-id=\"18b84a0\" data-element_type=\"widget\" data-widget_type=\"text-editor.default\">\n\t\t\t\t<div class=\"elementor-widget-container\">\n\t\t\t\t\t\t\t\t\t<p>NATURA &#8211; to zbi\u00f3r, gdzie tematem jest pi\u0119kno otaczaj\u0105cej nas natury. Znajdziesz tam r\u00f3wnie\u017c przegl\u0105d zdj\u0119\u0107 zainspirowany muzyk\u0105 Vivaldiego.\u00a0<\/p>\t\t\t\t\t\t\t\t<\/div>\n\t\t\t\t<\/div>\n\t\t\t\t\t<\/div>\n\t\t<\/div>\n\t\t\t\t<div class=\"elementor-column elementor-col-50 elementor-top-column elementor-element elementor-element-623a32c\" data-id=\"623a32c\" data-element_type=\"column\">\n\t\t\t<div class=\"elementor-widget-wrap elementor-element-populated\">\n\t\t\t\t\t\t<div class=\"elementor-element elementor-element-628e670 elementor-widget elementor-widget-image\" data-id=\"628e670\" data-element_type=\"widget\" data-widget_type=\"image.default\">\n\t\t\t\t<div class=\"elementor-widget-container\">\n\t\t\t\t\t\t\t\t\t\t\t\t\t\t\t\t<a href=\"https:\/\/barbarakaminska.com\/?page_id=427\">\n\t\t\t\t\t\t\t<img decoding=\"async\" width=\"1024\" height=\"682\" src=\"https:\/\/barbarakaminska.com\/wp-content\/uploads\/2020\/12\/DSC_4507jpgresized-1024x682.jpg\" class=\"elementor-animation-grow attachment-large size-large wp-image-320\" alt=\"\" srcset=\"https:\/\/barbarakaminska.com\/wp-content\/uploads\/2020\/12\/DSC_4507jpgresized-1024x682.jpg 1024w, https:\/\/barbarakaminska.com\/wp-content\/uploads\/2020\/12\/DSC_4507jpgresized-300x200.jpg 300w, https:\/\/barbarakaminska.com\/wp-content\/uploads\/2020\/12\/DSC_4507jpgresized-768x511.jpg 768w, https:\/\/barbarakaminska.com\/wp-content\/uploads\/2020\/12\/DSC_4507jpgresized.jpg 1280w\" sizes=\"(max-width: 1024px) 100vw, 1024px\" \/>\t\t\t\t\t\t\t\t<\/a>\n\t\t\t\t\t\t\t\t\t\t\t\t\t\t\t<\/div>\n\t\t\t\t<\/div>\n\t\t\t\t\t<\/div>\n\t\t<\/div>\n\t\t\t\t\t<\/div>\n\t\t<\/section>\n\t\t\t\t<\/div>\n\t\t","protected":false},"excerpt":{"rendered":"<p>Galeria Natura PODR\u00d3\u017bE &#8211; tutaj znajdziesz fotografie miejsc nie tak odleg\u0142ych i bardzo mi bliskich. S\u0105 tu zdj\u0119cia z podr\u00f3\u017cy po Europie, ale te\u017c mojego rodzinnego 3miasta.&nbsp; \u00a0 PORTRET &#8211; fotografuje przyjaci\u00f3\u0142 , rodzin\u0119 i ludzi mi bliskich. Sesja jest dla nas przygod\u0105, dzi\u0119ki kt\u00f3rej lepiej si\u0119 poznajemy i sp\u0119dzamy mi\u0142e chwile.\u00a0 NATURA &#8211; to [&hellip;]<\/p>\n","protected":false},"author":1,"featured_media":0,"parent":0,"menu_order":0,"comment_status":"closed","ping_status":"closed","template":"","meta":{"site-sidebar-layout":"no-sidebar","site-content-layout":"page-builder","ast-site-content-layout":"default","site-content-style":"default","site-sidebar-style":"default","ast-global-header-display":"","ast-banner-title-visibility":"","ast-main-header-display":"","ast-hfb-above-header-display":"","ast-hfb-below-header-display":"","ast-hfb-mobile-header-display":"","site-post-title":"disabled","ast-breadcrumbs-content":"","ast-featured-img":"","footer-sml-layout":"","theme-transparent-header-meta":"enabled","adv-header-id-meta":"","stick-header-meta":"","header-above-stick-meta":"","header-main-stick-meta":"","header-below-stick-meta":"","astra-migrate-meta-layouts":"default","ast-page-background-enabled":"default","ast-page-background-meta":{"desktop":{"background-color":"","background-image":"","background-repeat":"repeat","background-position":"center center","background-size":"auto","background-attachment":"scroll","background-type":"","background-media":"","overlay-type":"","overlay-color":"","overlay-opacity":"","overlay-gradient":""},"tablet":{"background-color":"","background-image":"","background-repeat":"repeat","background-position":"center center","background-size":"auto","background-attachment":"scroll","background-type":"","background-media":"","overlay-type":"","overlay-color":"","overlay-opacity":"","overlay-gradient":""},"mobile":{"background-color":"","background-image":"","background-repeat":"repeat","background-position":"center center","background-size":"auto","background-attachment":"scroll","background-type":"","background-media":"","overlay-type":"","overlay-color":"","overlay-opacity":"","overlay-gradient":""}},"ast-content-background-meta":{"desktop":{"background-color":"var(--ast-global-color-5)","background-image":"","background-repeat":"repeat","background-position":"center center","background-size":"auto","background-attachment":"scroll","background-type":"","background-media":"","overlay-type":"","overlay-color":"","overlay-opacity":"","overlay-gradient":""},"tablet":{"background-color":"var(--ast-global-color-5)","background-image":"","background-repeat":"repeat","background-position":"center center","background-size":"auto","background-attachment":"scroll","background-type":"","background-media":"","overlay-type":"","overlay-color":"","overlay-opacity":"","overlay-gradient":""},"mobile":{"background-color":"var(--ast-global-color-5)","background-image":"","background-repeat":"repeat","background-position":"center center","background-size":"auto","background-attachment":"scroll","background-type":"","background-media":"","overlay-type":"","overlay-color":"","overlay-opacity":"","overlay-gradient":""}},"footnotes":""},"class_list":["post-32","page","type-page","status-publish","hentry"],"_links":{"self":[{"href":"https:\/\/barbarakaminska.com\/index.php?rest_route=\/wp\/v2\/pages\/32","targetHints":{"allow":["GET"]}}],"collection":[{"href":"https:\/\/barbarakaminska.com\/index.php?rest_route=\/wp\/v2\/pages"}],"about":[{"href":"https:\/\/barbarakaminska.com\/index.php?rest_route=\/wp\/v2\/types\/page"}],"author":[{"embeddable":true,"href":"https:\/\/barbarakaminska.com\/index.php?rest_route=\/wp\/v2\/users\/1"}],"replies":[{"embeddable":true,"href":"https:\/\/barbarakaminska.com\/index.php?rest_route=%2Fwp%2Fv2%2Fcomments&post=32"}],"version-history":[{"count":142,"href":"https:\/\/barbarakaminska.com\/index.php?rest_route=\/wp\/v2\/pages\/32\/revisions"}],"predecessor-version":[{"id":1549,"href":"https:\/\/barbarakaminska.com\/index.php?rest_route=\/wp\/v2\/pages\/32\/revisions\/1549"}],"wp:attachment":[{"href":"https:\/\/barbarakaminska.com\/index.php?rest_route=%2Fwp%2Fv2%2Fmedia&parent=32"}],"curies":[{"name":"wp","href":"https:\/\/api.w.org\/{rel}","templated":true}]}}